{"id":69,"date":"2026-03-12T14:32:03","date_gmt":"2026-03-12T13:32:03","guid":{"rendered":"https:\/\/mariage.servignat.net\/?page_id=69"},"modified":"2026-03-12T14:50:54","modified_gmt":"2026-03-12T13:50:54","slug":"accueil","status":"publish","type":"page","link":"https:\/\/mariage.servignat.net\/","title":{"rendered":"Accueil"},"content":{"rendered":"<p>[et_pb_section fb_built=\u00a0\u00bb1&Prime; fullwidth=\u00a0\u00bbon\u00a0\u00bb _builder_version=\u00a0\u00bb4.27.6&Prime; _module_preset=\u00a0\u00bbdefault\u00a0\u00bb global_colors_info=\u00a0\u00bb{}\u00a0\u00bb][et_pb_fullwidth_image src=\u00a0\u00bbhttp:\/\/mariage.servignat.net\/wp-content\/uploads\/2026\/02\/mains-carte1.jpg\u00a0\u00bb title_text=\u00a0\u00bbmains-carte1&Prime; _builder_version=\u00a0\u00bb4.27.6&Prime; _module_preset=\u00a0\u00bbdefault\u00a0\u00bb global_colors_info=\u00a0\u00bb{}\u00a0\u00bb][\/et_pb_fullwidth_image][\/et_pb_section][et_pb_section fb_built=\u00a0\u00bb1&Prime; theme_builder_area=\u00a0\u00bbpost_content\u00a0\u00bb _builder_version=\u00a0\u00bb4.27.6&Prime; _module_preset=\u00a0\u00bbdefault\u00a0\u00bb][et_pb_row _builder_version=\u00a0\u00bb4.27.6&Prime; _module_preset=\u00a0\u00bbdefault\u00a0\u00bb theme_builder_area=\u00a0\u00bbpost_content\u00a0\u00bb][et_pb_column _builder_version=\u00a0\u00bb4.27.6&Prime; _module_preset=\u00a0\u00bbdefault\u00a0\u00bb type=\u00a0\u00bb4_4&Prime; theme_builder_area=\u00a0\u00bbpost_content\u00a0\u00bb][et_pb_text _builder_version=\u00a0\u00bb4.27.5&Prime; _module_preset=\u00a0\u00bbdefault\u00a0\u00bb text_font=\u00a0\u00bbAndika||||||||\u00a0\u00bb text_font_size=\u00a0\u00bb17px\u00a0\u00bb text_font_size_tablet=\u00a0\u00bb17px\u00a0\u00bb text_font_size_phone=\u00a0\u00bb15px\u00a0\u00bb text_font_size_last_edited=\u00a0\u00bbon|desktop\u00a0\u00bb global_colors_info=\u00a0\u00bb{}\u00a0\u00bb theme_builder_area=\u00a0\u00bbpost_content\u00a0\u00bb]<\/p>\n<p>Isabelle et Franck sont heureux de t\u2019annoncer leur mariage le week-end de Pentec\u00f4te 2026.<\/p>\n<p>Apr\u00e8s des ann\u00e9es de vie pass\u00e9es l\u2019un avec l\u2019autre, nous avons d\u00e9cid\u00e9 de nous unir officiellement, simplement, \u00e9videmment.<\/p>\n<p>Parce que l\u2019amour se nourrit des liens qui l\u2019entourent, nous souhaitons vivre ce moment avec celles et ceux qui comptent, notre famille, nos amis de toujours ou d\u2019un jour mais pour de bon.<\/p>\n<p>Ni dress code, ni cadeau.<br \/>Venez comme vous \u00eates !<\/p>\n<p>[\/et_pb_text][et_pb_button button_url=\u00a0\u00bb@ET-DC@eyJkeW5hbWljIjp0cnVlLCJjb250ZW50IjoicG9zdF9saW5rX3VybF9wYWdlIiwic2V0dGluZ3MiOnsicG9zdF9pZCI6IjI5In19@\u00a0\u00bb button_text=\u00a0\u00bbVoir le programme\u00a0\u00bb button_alignment_tablet=\u00a0\u00bbright\u00a0\u00bb button_alignment_phone=\u00a0\u00bbcenter\u00a0\u00bb button_alignment_last_edited=\u00a0\u00bbon|phone\u00a0\u00bb _builder_version=\u00a0\u00bb4.27.6&Prime; _dynamic_attributes=\u00a0\u00bbbutton_url\u00a0\u00bb _module_preset=\u00a0\u00bbdefault\u00a0\u00bb custom_button=\u00a0\u00bbon\u00a0\u00bb button_text_color=\u00a0\u00bb#FFFFFF\u00a0\u00bb button_bg_color=\u00a0\u00bb#dc9541&Prime; button_border_width=\u00a0\u00bb2px\u00a0\u00bb button_border_radius=\u00a0\u00bb20px\u00a0\u00bb button_font=\u00a0\u00bb|700|||||||\u00a0\u00bb button_use_icon=\u00a0\u00bboff\u00a0\u00bb hover_enabled=\u00a0\u00bb0&Prime; button_text_shadow_style=\u00a0\u00bbpreset2&Prime; global_colors_info=\u00a0\u00bb{}\u00a0\u00bb theme_builder_area=\u00a0\u00bbpost_content\u00a0\u00bb button_alignment=\u00a0\u00bbcenter\u00a0\u00bb sticky_enabled=\u00a0\u00bb0&Prime;][\/et_pb_button][\/et_pb_column][\/et_pb_row][\/et_pb_section]<\/p>\n","protected":false},"excerpt":{"rendered":"<p>Isabelle et Franck sont heureux de t\u2019annoncer leur mariage le week-end de Pentec\u00f4te 2026. Apr\u00e8s des ann\u00e9es de vie pass\u00e9es l\u2019un avec l\u2019autre, nous avons d\u00e9cid\u00e9 de nous unir officiellement, simplement, \u00e9videmment. Parce que l\u2019amour se nourrit des liens qui l\u2019entourent, nous souhaitons vivre ce moment avec celles et ceux qui comptent, notre famille, nos amis de toujours ou d\u2019un jour mais pour de bon. Ni dress code, ni cadeau.Venez comme vous \u00eates !<\/p>\n","protected":false},"author":2,"featured_media":0,"parent":0,"menu_order":0,"comment_status":"closed","ping_status":"closed","template":"","meta":{"_et_pb_use_builder":"on","_et_pb_old_content":"","_et_gb_content_width":"","footnotes":""},"class_list":["post-69","page","type-page","status-publish","hentry"],"_links":{"self":[{"href":"https:\/\/mariage.servignat.net\/index.php\/wp-json\/wp\/v2\/pages\/69","targetHints":{"allow":["GET"]}}],"collection":[{"href":"https:\/\/mariage.servignat.net\/index.php\/wp-json\/wp\/v2\/pages"}],"about":[{"href":"https:\/\/mariage.servignat.net\/index.php\/wp-json\/wp\/v2\/types\/page"}],"author":[{"embeddable":true,"href":"https:\/\/mariage.servignat.net\/index.php\/wp-json\/wp\/v2\/users\/2"}],"replies":[{"embeddable":true,"href":"https:\/\/mariage.servignat.net\/index.php\/wp-json\/wp\/v2\/comments?post=69"}],"version-history":[{"count":8,"href":"https:\/\/mariage.servignat.net\/index.php\/wp-json\/wp\/v2\/pages\/69\/revisions"}],"predecessor-version":[{"id":96,"href":"https:\/\/mariage.servignat.net\/index.php\/wp-json\/wp\/v2\/pages\/69\/revisions\/96"}],"wp:attachment":[{"href":"https:\/\/mariage.servignat.net\/index.php\/wp-json\/wp\/v2\/media?parent=69"}],"curies":[{"name":"wp","href":"https:\/\/api.w.org\/{rel}","templated":true}]}}